{"id":458,"date":"2022-07-07T06:05:41","date_gmt":"2022-07-07T06:05:41","guid":{"rendered":"https:\/\/www.allinongreen.dk\/case-aarhus-kommune\/"},"modified":"2025-03-04T06:22:49","modified_gmt":"2025-03-04T06:22:49","slug":"fallbeispiel-stadtverwaltung-von-aarhus","status":"publish","type":"page","link":"https:\/\/www.allinongreen.dk\/de\/fallbeispiel-stadtverwaltung-von-aarhus\/","title":{"rendered":"Fallbeispiel: Stadtverwaltung von Aarhus"},"content":{"rendered":"","protected":false},"excerpt":{"rendered":"","protected":false},"author":3,"featured_media":0,"parent":0,"menu_order":0,"comment_status":"closed","ping_status":"closed","template":"views\/template-modules.blade.php","meta":{"_seopress_robots_primary_cat":"","_seopress_titles_title":"","_seopress_titles_desc":"","_seopress_robots_index":"","_relevanssi_hide_post":"","_relevanssi_pin_for_all":"","_relevanssi_pin_keywords":"","_relevanssi_unpin_keywords":"","_relevanssi_related_keywords":"","_relevanssi_related_include_ids":"","_relevanssi_related_exclude_ids":"","_relevanssi_related_no_append":"","_relevanssi_related_not_related":"","_relevanssi_related_posts":"","_relevanssi_noindex_reason":"","footnotes":""},"class_list":["post-458","page","type-page","status-publish","hentry"],"app_templates_contact_top_slider_slides":[],"app_templates_contact_contact_form_title":"","app_templates_contact_contact_form_title_right":"","app_templates_contact_contact_form_body_right":"","app_templates_contact_contact_form_html":"","app_templates_cookie_policy_top_banner_title":"","app_templates_cookie_policy_top_banner_image":"","app_templates_cookie_policy_top_banner_textarea":"","app_templates_cookie_policy_top_banner_button":{"value":"","url":"","anchor":"","blank":0},"app_templates_modules_top_slider_slides":[{"_type":"_","title":"Fallbeispiel: Stadtverwaltung von Aarhus","image":"368","textarea":"Im Rahmen der Kunststoffstrategie 2020-2025 der Stadt Aarhus wurde im Fluss Aarhus \u00c5 ein SeaProtectorOne-System installiert. So wurden die Aarhusbucht und das Kattegat im ersten Jahr vor mindestens 63.000 St\u00fcck Abfall bewahrt. Ein gro\u00dfer Erfolg f\u00fcr die Weltmeere, die Stadtverwaltung Aarhus und All In On Green.","video":"","bg_video":"","button":{"value":"","url":"","anchor":"","blank":"0"}}],"app_templates_modules_modules_modules":[{"_type":"text_image","bg_image":"","bg_color":"bg-white","overlap":false,"pretitle":"Die Stadtverwaltung von Aarhus \u00fcbernimmt Verantwortung","title":"Ein erfolgreicher Einsatz f\u00fcr Aarhus, D\u00e4nemark und die Welt","image":"374","image_link":false,"text":"Als Teil der Kunststoffstrategie 2020-2025 der Stadtverwaltung von Aarhus wurde SeaProtectorOne dort installiert, wo der Fluss Aarhus \u00c5 in die Aarhusbucht m\u00fcndet. Da der Fluss Aarhus \u00c5 durch das Zentrum von Aarhus flie\u00dft, hat er zweifelsfrei viele Abf\u00e4lle der Stadt direkt ins Meer geleitet. SeaProtectorOne sollte dies verringern.\r\n\r\nInsgesamt sammelte SeaProtectorOne an seinem Standort am Ende des Aarhus-Flusses in einem Jahr rund 63.000 St\u00fcck Abfall ein. Abf\u00e4lle, die zuvor im Meer gelandet und zu sch\u00e4dlichem Mikroplastik zerfallen w\u00e4ren, wurden stattdessen aufgefangen und so weit wie m\u00f6glich recycelt. Die Stadtverwaltung von Aarhus war mit dem Ergebnis und der Wirkung von SeaProtectorOne auf die Umwelt in und um den Fluss au\u00dferordentlich zufrieden.\r\n","video":"","button":{"value":"","url":"","anchor":"","blank":"0"},"image_position":"order-3"},{"_type":"values","bg_image":"","bg_color":"bg-primary","overlap":false,"title":"Udvalgte resultater fra opsamling i 1 \u00e5r","preface":"","values":[{"_type":"_","title":"63.000 ","unit":"","body":"St\u00fcck Abfall innerhalb eines Jahres"},{"_type":"_","title":"7800","unit":"","body":"Einwegbecher"},{"_type":"_","title":"5000","unit":"","body":"Zigarettenstummel"},{"_type":"_","title":"1700","unit":"","body":"Plastikt\u00fcten"},{"_type":"_","title":"4000","unit":"","body":"Dosen"}],"footer":"","big_headings":true},{"_type":"youtube","bg_image":"","bg_color":"bg-white","overlap":false,"video":"https:\/\/www.youtube.com\/watch?v=6MvJZypQ4GQ"},{"_type":"quote","bg_image":"","bg_color":"bg-white","overlap":false,"quote":"Unserer Einsch\u00e4tzung nach ist SeaProtectorOne ein solider und effizienter Teil der L\u00f6sung f\u00fcr eine der gr\u00f6\u00dften Herausforderungen unseres Planeten.","source":"S\u00f8ren X. Frahm, Gesch\u00e4ftsf\u00fchrer, Artlinco"},{"_type":"text_image","bg_image":"","bg_color":"bg-white","overlap":false,"pretitle":"","title":"Teil des ehrgeizigen Umweltprojekts von Aarhus","image":"350","image_link":false,"text":"SeaProtectorOne ist ein wichtiger Teil der Kunststoffstrategie der Stadt Aarhus und hat sich als ebenso effektiv wie praktisch erwiesen. Der Container musste h\u00f6chstens einmal am Tag geleert werden. Darin fanden sich nicht nur die erwartbaren Dinge wie Plastikbecher und leere Flaschen, sondern auch Feuerl\u00f6scher, Kleidung, Discokugeln usw. All diese Dinge, die SeaProtectorOne abgefangen und sicher entfernt hat, h\u00e4tten die Weltmeere \u00fcber Jahrzehnte verschmutzt.\r\n\r\nGleichzeitig war SeaProtectorOne in Bezug auf den Wasserverkehr auf dem Fluss Aarhus eine ideale L\u00f6sung f\u00fcr die Stadtverwaltung Aarhus. Kajakfahrer und andere Personen konnten problemlos passieren, da sich die Anlage automatisch und ohne menschliches Einwirken f\u00fcr sie \u201e\u00f6ffnete\u201c. Insgesamt war die Vorgehensweise ein gro\u00dfer Erfolg f\u00fcr die Stadtverwaltung von Aarhus, die mit dieser \"kleinen\" Anstrengung ein hohes Ma\u00df an Mitverantwortung f\u00fcr die Einleitung von Abf\u00e4llen in die Weltmeere aus der zweitgr\u00f6\u00dften Stadt D\u00e4nemarks zeigte.","video":"","button":{"value":"","url":"","anchor":"","blank":""},"image_position":"order-3"},{"_type":"images","bg_image":"","bg_color":"bg-white","overlap":false,"images":["372","370"]},{"_type":"contact_form","bg_image":"230","bg_color":"bg-white","overlap":false,"title":"Kontakt","title_right":"Werden Sie Teil der L\u00f6sung","body_right":"Die Weltmeere brauchen unsere Hilfe. Nehmen Sie Kontakt mit uns auf und helfen Sie mit, den Worten Taten folgen zu lassen. Wir haben eine L\u00f6sung, und wir sind bereit, sie zu pr\u00e4sentieren und alle Fragen zu beantworten - gro\u00dfe und kleine.\r\nWenn Sie mehr dar\u00fcber wissen m\u00f6chten, was SeaProtectorOne f\u00fcr Sie tun kann, nehmen Sie Kontakt mit uns auf und wir werden uns bei Ihnen melden.","html":""}],"_links":{"self":[{"href":"https:\/\/www.allinongreen.dk\/de\/wp-json\/wp\/v2\/pages\/458","targetHints":{"allow":["GET"]}}],"collection":[{"href":"https:\/\/www.allinongreen.dk\/de\/wp-json\/wp\/v2\/pages"}],"about":[{"href":"https:\/\/www.allinongreen.dk\/de\/wp-json\/wp\/v2\/types\/page"}],"author":[{"embeddable":true,"href":"https:\/\/www.allinongreen.dk\/de\/wp-json\/wp\/v2\/users\/3"}],"replies":[{"embeddable":true,"href":"https:\/\/www.allinongreen.dk\/de\/wp-json\/wp\/v2\/comments?post=458"}],"version-history":[{"count":5,"href":"https:\/\/www.allinongreen.dk\/de\/wp-json\/wp\/v2\/pages\/458\/revisions"}],"predecessor-version":[{"id":528,"href":"https:\/\/www.allinongreen.dk\/de\/wp-json\/wp\/v2\/pages\/458\/revisions\/528"}],"wp:attachment":[{"href":"https:\/\/www.allinongreen.dk\/de\/wp-json\/wp\/v2\/media?parent=458"}],"curies":[{"name":"wp","href":"https:\/\/api.w.org\/{rel}","templated":true}]}}