{"id":460,"date":"2020-12-08T13:00:06","date_gmt":"2020-12-08T13:00:06","guid":{"rendered":"https:\/\/www.allinongreen.dk\/seaprotectorone\/"},"modified":"2025-03-13T07:04:31","modified_gmt":"2025-03-13T07:04:31","slug":"seaprotectorone","status":"publish","type":"page","link":"https:\/\/www.allinongreen.dk\/de\/seaprotectorone\/","title":{"rendered":"SeaProtectorOne"},"content":{"rendered":"","protected":false},"excerpt":{"rendered":"","protected":false},"author":2,"featured_media":0,"parent":0,"menu_order":0,"comment_status":"closed","ping_status":"closed","template":"views\/template-modules.blade.php","meta":{"_seopress_robots_primary_cat":"","_seopress_titles_title":"","_seopress_titles_desc":"","_seopress_robots_index":"","_relevanssi_hide_post":"","_relevanssi_pin_for_all":"","_relevanssi_pin_keywords":"","_relevanssi_unpin_keywords":"","_relevanssi_related_keywords":"","_relevanssi_related_include_ids":"","_relevanssi_related_exclude_ids":"","_relevanssi_related_no_append":"","_relevanssi_related_not_related":"","_relevanssi_related_posts":"","_relevanssi_noindex_reason":"","footnotes":""},"class_list":["post-460","page","type-page","status-publish","hentry"],"app_templates_contact_top_slider_slides":[],"app_templates_contact_contact_form_title":"","app_templates_contact_contact_form_title_right":"","app_templates_contact_contact_form_body_right":"","app_templates_contact_contact_form_html":"","app_templates_cookie_policy_top_banner_title":"","app_templates_cookie_policy_top_banner_image":"","app_templates_cookie_policy_top_banner_textarea":"","app_templates_cookie_policy_top_banner_button":{"value":"","url":"","anchor":"","blank":0},"app_templates_modules_top_slider_slides":[{"_type":"_","title":"SeaProtectorOne","image":"350","textarea":"Wenn die \u00d6kosysteme unserer Ozeane \u00fcberleben sollen, m\u00fcssen wir jetzt handeln. Zum Gl\u00fcck ist die L\u00f6sung zum Greifen nahe. Lernen Sie SeaProtectorOne kennen - einen intelligenten mechanischen Ausleger, der umhertreibendes Plastik und weiteren M\u00fcll auff\u00e4ngt, bevor dieser die Ozeane erreicht und Schaden anrichtet.","video":"","bg_video":"","button":{"value":"","url":"","anchor":"","blank":"0"}}],"app_templates_modules_modules_modules":[{"_type":"text_image","bg_image":"214","bg_color":"bg-white","overlap":false,"pretitle":"Was ist SeaProtectorOne?","title":"Effizientes und schonendes Abfallauffangsystem","image":"368","image_link":false,"text":"SeaProtectorOne ist ein modulares System, das effizient und schonend Abf\u00e4lle in Str\u00f6men und Fl\u00fcssen auff\u00e4ngt. \u00dcber einen mechanischen Arm mit Filtereinheit f\u00e4ngt der SeaProtectorOne den Abfall im Wasser auf und transportiert ihn sicher in einen Container an Land. Das vollautomatische System misst wechselnde Wasser- und Wetterbedingungen und passt sich an diese an, leert seinen Filter und zieht seinen Ausleger aus dem Weg, damit der Wasserverkehr ungehindert flie\u00dfen kann. Die Anforderungen des Systems beschr\u00e4nken sich auf die Inspektion der Anlage und die Leerung des Beh\u00e4lters an Land, sobald dieser voll ist.\r\n\r\nEntwickelt und gepr\u00fcft von Ingenieuren und Fachleuten f\u00fcr \u00f6kologische L\u00f6sungen, ist SeaProtectorOne daf\u00fcr geschaffen, eine entscheidende Rolle bei der Reduktion des Plastikm\u00fclls in unseren Weltmeeren, Fl\u00fcssen und Str\u00f6men zu \u00fcbernehmen. In unabh\u00e4ngigen Tests hat das System 97 % der Plastikflaschen und Dosen aufgefangen, sowie 100 % der Plastikt\u00fcten und Einwegbecher, die sonst in unsere Ozeane getrieben w\u00e4ren.","video":"","button":{"value":"","url":"","anchor":"","blank":"0"},"image_position":"order-3"},{"_type":"youtube","bg_image":"","bg_color":"bg-white","overlap":false,"video":"https:\/\/www.youtube.com\/watch?v=6MvJZypQ4GQ"},{"_type":"text_image","bg_image":"","bg_color":"bg-white","overlap":false,"pretitle":"So funktioniert SeaProtectorOne","title":"Komplexe Herausforderungen erfordern intelligente L\u00f6sungen","image":"396","image_link":false,"text":"Wenn wir das Problem der Umweltverschmutzung ein f\u00fcr alle Mal in den Griff bekommen wollen, ist es entscheidend, dass sich alle, die willens und f\u00e4hig sind, an der Rettung der Weltmeere beteiligen. Einfachheit und Verf\u00fcgbarkeit waren deshalb von Beginn an die Schlagw\u00f6rter in der Entwicklung von SeaProtectorOne. Das System kann praktisch \u00fcberall installiert werden und l\u00e4sst sich dank seiner einfachen modularen Bauweise an den jeweiligen Standort anpassen.\r\n\r\nSeaProtectorOne wurde so konzipiert und entwickelt, dass es in Fl\u00fcssen und Str\u00f6men bei wechselnden Bedingungen optimal arbeitet und Personen, die den Wasserweg nutzen, nicht behindert. Der horizontale Ausleger kann bis auf 40 Meter ausgefahren werden und passt sich \u00fcber intelligente Sensoren an den Wasserstand und die Wetterbedingungen an. Dieselbe Technologie erm\u00f6glicht es dem System auch, zu erkennen, wenn der Ausleger in die Sicherheitsstellung gebracht werden muss, zum Beispiel aufgrund von Personenverkehr oder bei widrigen Wetterbedingungen.","video":"","button":{"value":"","url":"","anchor":"","blank":"0"},"image_position":"order-3"},{"_type":"values","bg_image":"","bg_color":"bg-primary","overlap":false,"title":"Fakten und Ergebnisse","preface":"","values":[{"_type":"_","title":"100","unit":"%","body":"der Plastikflaschen und Dosen werden aufgefangen*"},{"_type":"_","title":"85","unit":"%","body":"des Makroplastiks wird voraussichtlich aufgefangen*"},{"_type":"_","title":"+40 m","unit":"","body":"betr\u00e4gt die Reichweite der Filtereinheit des Systems"},{"_type":"_","title":"24","unit":"\/ 7","body":"Automatikbetrieb"},{"_type":"_","title":"100","unit":"%","body":"weltweit erh\u00e4ltliche Ersatzteile"}],"footer":"* Resultater og konklusioner fra test af SeaProtectorOne ved Artlinco. L\u00e6s hele rapporten <a href=\"..\/dokumentation\" style=\"text-decoration: underline;\">her<\/a>.","big_headings":false},{"_type":"text_image","bg_image":"214","bg_color":"bg-light-transparent","overlap":false,"pretitle":"Wir \u00fcbernehmen Verantwortung","title":"EINE HELFENDE HAND F\u00dcR DIE WELTMEERE","image":"16","image_link":false,"text":"90 % aller Seev\u00f6gel haben Plastik in ihren M\u00e4gen. Die Statistik ist geradezu unfassbar. Sie zeigt, dass wir Menschen viel mehr Verantwortung f\u00fcr unseren Abfall \u00fcbernehmen m\u00fcssen, als wir es bisher getan haben. Wir bei All In On Green sind ein erfahrenes Team, das seine weitreichende Expertise und seine F\u00e4higkeiten einsetzt, um Technologien zur Reduzierung der Plastikverschmutzung in den Weltmeeren zu entwickeln. Wir arbeiten branchen\u00fcbergreifend zusammen und stellen unsere Technologie auf den Pr\u00fcfstand, um stets die beste und umweltfreundlichste L\u00f6sung f\u00fcr die Verschmutzungskatastrophe zu finden, mit der wir jetzt und in Zukunft konfrontiert sind. Unsere Mission ist einfach: Das Elend beenden, dass der M\u00fcll in unseren Weltmeeren f\u00fcr Tiere, Natur und Menschen bedeutet.","video":"","button":{"value":"","url":"\/de\/ueber-uns\/","anchor":"Unsere Mission","blank":"0"},"image_position":"order-3"},{"_type":"quote","bg_image":"233","bg_color":"bg-white","overlap":false,"quote":"Seit 2007 besch\u00e4ftige ich mich mit der Verunreinigung der Meere durch Plastik. SeaProtectorOne ist die effektivste Methode, die ich seither kennengelernt habe, um Plastik abzufangen und die Plastikverschmutzung der Weltmeere zu reduzieren. Das neue Designkonzept mit dem Fokus auf Effizienz, Standort-Flexibilit\u00e4t, Gr\u00f6\u00dfenskalierbarkeit, Automatisierung und Ma\u00dfnahmen zur Vermeidung negativer Auswirkungen auf die Tierwelt in Fl\u00fcssen, macht diese L\u00f6sung zu einem potentiellen Gamechanger.","source":"Peter Gr\u00f8nkj\u00e6r, Assoziierter Professor, Aquatische Biologie, Universit\u00e4t Aarhus"},{"_type":"values","bg_image":"","bg_color":"bg-primary","overlap":false,"title":"","preface":"","values":[{"_type":"_","title":"100 % automatisiert","unit":"","body":"SeaProtectorOne wird von Solarzellen angetrieben und f\u00fchrt alle Aufgaben automatisch aus. \u00dcber Sensoren erkennt die Anlage den Wasserstand und passt sich automatisch an. Die Sensoren registrieren auch, wenn das System voll ist, und leeren es dann automatisch."},{"_type":"_","title":"Flexible modulare L\u00f6sungen","unit":"","body":"Mit einer maximalen Spannweite von etwa 40 Metern kann SeaProtectorOne \u00fcberall installiert werden: in Str\u00f6men, Fl\u00fcssen oder Kan\u00e4len. Dank seiner modularen Struktur l\u00e4sst sich das System leicht an den jeweiligen Standort anpassen und kann einfach transportiert und montiert werden."},{"_type":"_","title":"Passt auf die Natur auf","unit":"","body":"In jeder Hinsicht ist SeaProtectorOne darauf ausgelegt, der Natur zu helfen, anstatt ihr zu schaden. Fische, Amphibien und andere Tiere k\u00f6nnen sich nicht im SeaProtectorOne verfangen, sondern k\u00f6nnen unter das System oder durch die Gitter gelangen."}],"footer":"","big_headings":false},{"_type":"contact_form","bg_image":"230","bg_color":"bg-white","overlap":false,"title":"Kontakt","title_right":"Werden Sie Teil der L\u00f6sung ","body_right":"Die Weltmeere brauchen unsere Hilfe. Nehmen Sie Kontakt mit uns auf und helfen Sie mit, den Worten Taten folgen zu lassen. Wir haben eine L\u00f6sung, und wir sind bereit, sie zu pr\u00e4sentieren und alle Fragen zu beantworten - gro\u00dfe und kleine.\r\nWenn Sie mehr dar\u00fcber wissen m\u00f6chten, was SeaProtectorOne f\u00fcr Sie tun kann, nehmen Sie Kontakt mit uns auf und wir werden uns bei Ihnen melden.\r\n","html":""}],"_links":{"self":[{"href":"https:\/\/www.allinongreen.dk\/de\/wp-json\/wp\/v2\/pages\/460","targetHints":{"allow":["GET"]}}],"collection":[{"href":"https:\/\/www.allinongreen.dk\/de\/wp-json\/wp\/v2\/pages"}],"about":[{"href":"https:\/\/www.allinongreen.dk\/de\/wp-json\/wp\/v2\/types\/page"}],"author":[{"embeddable":true,"href":"https:\/\/www.allinongreen.dk\/de\/wp-json\/wp\/v2\/users\/2"}],"replies":[{"embeddable":true,"href":"https:\/\/www.allinongreen.dk\/de\/wp-json\/wp\/v2\/comments?post=460"}],"version-history":[{"count":2,"href":"https:\/\/www.allinongreen.dk\/de\/wp-json\/wp\/v2\/pages\/460\/revisions"}],"predecessor-version":[{"id":546,"href":"https:\/\/www.allinongreen.dk\/de\/wp-json\/wp\/v2\/pages\/460\/revisions\/546"}],"wp:attachment":[{"href":"https:\/\/www.allinongreen.dk\/de\/wp-json\/wp\/v2\/media?parent=460"}],"curies":[{"name":"wp","href":"https:\/\/api.w.org\/{rel}","templated":true}]}}