{"id":462,"date":"2020-12-08T10:09:48","date_gmt":"2020-12-08T10:09:48","guid":{"rendered":"https:\/\/www.allinongreen.dk\/cookiepolitik\/"},"modified":"2025-03-04T09:22:18","modified_gmt":"2025-03-04T09:22:18","slug":"cookie-richtlinie","status":"publish","type":"page","link":"https:\/\/www.allinongreen.dk\/de\/cookie-richtlinie\/","title":{"rendered":"Cookiepolitik"},"content":{"rendered":"","protected":false},"excerpt":{"rendered":"","protected":false},"author":2,"featured_media":0,"parent":0,"menu_order":0,"comment_status":"closed","ping_status":"closed","template":"views\/template-cookie-policy.blade.php","meta":{"_seopress_robots_primary_cat":"","_seopress_titles_title":"","_seopress_titles_desc":"","_seopress_robots_index":"","_relevanssi_hide_post":"","_relevanssi_pin_for_all":"","_relevanssi_pin_keywords":"","_relevanssi_unpin_keywords":"","_relevanssi_related_keywords":"","_relevanssi_related_include_ids":"","_relevanssi_related_exclude_ids":"","_relevanssi_related_no_append":"","_relevanssi_related_not_related":"","_relevanssi_related_posts":"","_relevanssi_noindex_reason":"","footnotes":""},"class_list":["post-462","page","type-page","status-publish","hentry"],"app_templates_contact_top_slider_slides":[],"app_templates_contact_contact_form_title":"","app_templates_contact_contact_form_title_right":"","app_templates_contact_contact_form_body_right":"","app_templates_contact_contact_form_html":"","app_templates_cookie_policy_top_banner_title":"Cookie-richtlinie","app_templates_cookie_policy_top_banner_image":"","app_templates_cookie_policy_top_banner_textarea":"IMPRESSUM\r\n\r\nAll In On Green ApS\r\n\r\nNiels Bugges Vej 10\r\nHald Ege\r\n8800 Viborg\r\nDanmark\r\n\r\nGesch\u00e4ftsf\u00fchrung\r\n\r\nMads Tranders Nielsen\r\n\r\nIhr Kontakt zu All In On Green ApS\r\n\r\nfrank@allinongreen.dk\r\nT: +45 27 15 08 05\r\n\r\nHANDELSREGISTEREINTRAG\r\n\r\nUSt.-Id.-Nr: DK39656760\r\n\r\nVerantwortlich im Sinne des \u00a7 18 Abs. 2 Medienstaatsvertrag (MStV)\r\n\r\nAll In On Green ApS\r\n\r\nNiels Bugges Vej 10\r\n\r\nHald Ege\r\n\r\n8800 Viborg\r\n\r\nDanmark\r\n\r\n\r\n\r\n\r\nRECHTLICHE HINWEISE\r\n\r\nUrheberrecht (Copyright \u00a9)\r\n\r\nAlle Inhalte dieser Website (insb. Text, Bilder, Grafiken, Sound, Animationen und Videos) sowie deren Anordnung auf All In On Greens-Websites unterliegen dem Schutz des Urheberrechts und anderer Schutzgesetze. Der Inhalt dieser Websites darf ohne Zustimmung des jeweiligen Rechteinhabers nicht zu kommerziellen Zwecken kopiert, verbreitet, ver\u00e4ndert oder Dritten zug\u00e4nglich gemacht werden.\r\n\r\nMarken\r\n\r\nDie auf unseren Seiten verwendeten Marken sind, soweit nicht anders angegeben, geistiges Eigentum der All In On Green ApS.\r\n\r\nKeine Lizenz\r\n\r\nDurch diese Website wird keine Lizenz zur Nutzung des geistigen Eigentums (insb. Patente, Marken und Urheberrechte) von Unternehmen der All In On Green ApS-Gruppe oder von Dritten erteilt.\r\n\r\nOnline-Streitbeilegung (hinweispflicht gem. \u00a736 verbraucherstreitbeilegungsgesetz)\r\n\r\nInformation zur Online-Streitbeilegung: Die Europ\u00e4ische Kommission stellt eine Plattform zur Online-Streitbeilegung (OS) bereit. Diese Plattform soll als Anlaufstelle zur au\u00dfergerichtlichen Beilegung von Streitigkeiten dienen, die vertragliche Verpflichtungen von Online-Kaufvertr\u00e4gen und Online-Dienstvertr\u00e4gen betreffen.\r\n\r\nDie Plattform ist unter\u00a0http:\/\/ec.europa.eu\/consumers\/odr\/\u00a0erreichbar.\r\n\r\nWir nehmen nicht an einem Streitbeilegungsverfahren vor einer Verbraucherschlichtungsstelle teil.\r\n\r\nAnwendbares recht\r\nS\u00e4mtliche Informationen oder Daten, ihre Nutzung sowie s\u00e4mtliches mit der\u00a0All In On Green ApS\u00a0Website zusammenh\u00e4ngendes Tun, Dulden oder Unterlassen unterliegt ausschlie\u00dflich deutschem Recht.\r\n\r\n\r\n\r\n\r\nLinks zu anderen webseiten\r\nDie Websites enthalten Links zu anderen Websites. Die\u00a0All In On Green ApS ist f\u00fcr die Datenschutzstrategien oder den Inhalt dieser anderen Websites nicht verantwortlich.","app_templates_cookie_policy_top_banner_button":{"value":"","url":"","anchor":"","blank":"0"},"app_templates_modules_top_slider_slides":[],"app_templates_modules_modules_modules":[],"_links":{"self":[{"href":"https:\/\/www.allinongreen.dk\/de\/wp-json\/wp\/v2\/pages\/462","targetHints":{"allow":["GET"]}}],"collection":[{"href":"https:\/\/www.allinongreen.dk\/de\/wp-json\/wp\/v2\/pages"}],"about":[{"href":"https:\/\/www.allinongreen.dk\/de\/wp-json\/wp\/v2\/types\/page"}],"author":[{"embeddable":true,"href":"https:\/\/www.allinongreen.dk\/de\/wp-json\/wp\/v2\/users\/2"}],"replies":[{"embeddable":true,"href":"https:\/\/www.allinongreen.dk\/de\/wp-json\/wp\/v2\/comments?post=462"}],"version-history":[{"count":4,"href":"https:\/\/www.allinongreen.dk\/de\/wp-json\/wp\/v2\/pages\/462\/revisions"}],"predecessor-version":[{"id":544,"href":"https:\/\/www.allinongreen.dk\/de\/wp-json\/wp\/v2\/pages\/462\/revisions\/544"}],"wp:attachment":[{"href":"https:\/\/www.allinongreen.dk\/de\/wp-json\/wp\/v2\/media?parent=462"}],"curies":[{"name":"wp","href":"https:\/\/api.w.org\/{rel}","templated":true}]}}