{"id":463,"date":"2020-12-08T07:58:36","date_gmt":"2020-12-08T07:58:36","guid":{"rendered":"https:\/\/www.allinongreen.dk\/dokumentation\/"},"modified":"2025-02-19T12:44:53","modified_gmt":"2025-02-19T12:44:53","slug":"dokumentation","status":"publish","type":"page","link":"https:\/\/www.allinongreen.dk\/de\/dokumentation\/","title":{"rendered":"Dokumentation"},"content":{"rendered":"","protected":false},"excerpt":{"rendered":"","protected":false},"author":2,"featured_media":0,"parent":0,"menu_order":0,"comment_status":"closed","ping_status":"closed","template":"views\/template-modules.blade.php","meta":{"_seopress_robots_primary_cat":"","_seopress_titles_title":"","_seopress_titles_desc":"","_seopress_robots_index":"","_relevanssi_hide_post":"","_relevanssi_pin_for_all":"","_relevanssi_pin_keywords":"","_relevanssi_unpin_keywords":"","_relevanssi_related_keywords":"","_relevanssi_related_include_ids":"","_relevanssi_related_exclude_ids":"","_relevanssi_related_no_append":"","_relevanssi_related_not_related":"","_relevanssi_related_posts":"","_relevanssi_noindex_reason":"","footnotes":""},"class_list":["post-463","page","type-page","status-publish","hentry"],"app_templates_contact_top_slider_slides":[],"app_templates_contact_contact_form_title":"","app_templates_contact_contact_form_title_right":"","app_templates_contact_contact_form_body_right":"","app_templates_contact_contact_form_html":"","app_templates_cookie_policy_top_banner_title":"","app_templates_cookie_policy_top_banner_image":"","app_templates_cookie_policy_top_banner_textarea":"","app_templates_cookie_policy_top_banner_button":{"value":"","url":"","anchor":"","blank":0},"app_templates_modules_top_slider_slides":[{"_type":"_","title":"Dokumentation","image":"398","textarea":"Beeindruckende Worte und gute Absichten sind ohne konkrete Ergebnisse wertlos. Wir geben nur dann Versprechen, wenn wir wissen, dass wir sie halten k\u00f6nnen. Werfen Sie einen detaillierten Blick auf die Tests, Berichte und Ergebnisse und erfahren Sie mehr dar\u00fcber, warum f\u00fchrende Beh\u00f6rden SeaProtectorOne als einen potenziellen Gamechanger bezeichnen.","video":"","bg_video":"249","button":{"value":"","url":"","anchor":"","blank":"0"}}],"app_templates_modules_modules_modules":[{"_type":"text_image","bg_image":"230","bg_color":"bg-light-transparent","overlap":false,"pretitle":"Unabh\u00e4ngige Untersuchungen und Tests","title":"Solides technisches Fundament","image":"400","image_link":false,"text":"Gute Absichten und \u00f6kologische \u00dcberzeugungen werden die Krisen unserer Ozeane nicht l\u00f6sen. Wir m\u00fcssen handeln. Jede Ma\u00dfnahme muss jedoch gut durchdacht sein. Deshalb investieren wir in offizielle Tests von SeaProtectorOne und in die Dokumentation durch unabh\u00e4ngige Experten und Akteure auf dem Gebiet der gr\u00fcnen Transformation und Technologie. Daher werden auch Forscher, Beh\u00f6rden und Institutionen in unsere unerm\u00fcdliche Arbeit einbezogen, SeaProtectorOne zu perfektionieren. J\u00fcngst haben wir in Zusammenarbeit mit der Stadtverwaltung von Aarhus festgestellt, wie ein einziger SeaProtectorOne in nur einem Jahr 63.000 St\u00fcck Abfall abgefangen hat, der andernfalls in die Weltmeere getrieben worden w\u00e4re (mehr erfahren unter Beispielfall Aarhus).\r\n\r\nAuf dieser Seite finden Sie einige unserer Ergebnisse und Dokumentationsunterlagen. Wenn Sie noch Fragen zu unserer Dokumentation oder zu SeaProtectorOne haben, k\u00f6nnen Sie uns gerne jederzeit kontaktieren.\r\n","video":"","button":{"value":"","url":"","anchor":"","blank":"0"},"image_position":"order-3"},{"_type":"text_image","bg_image":"","bg_color":"bg-light-transparent","overlap":false,"pretitle":"Bericht aus dem Artlinco-Innovationshaus","title":"Bericht aus unabh\u00e4ngigem Innovationshaus","image":"10","image_link":false,"text":"In diesem Bericht aus dem Jahr 2020 hat Artlinco, ein unabh\u00e4ngiger Berater, die Effizienz getestet, mit der SeaProtectorOne in der Lage ist, verschiedene Arten von Abfall unter bestimmten Bedingungen zu sammeln. Der Bericht enth\u00e4lt detaillierte Beschreibungen der Technologie, des Ausma\u00dfes des Plastikproblems sowie Ergebnisse und Schlussfolgerungen aus den Tests von SeaProtectorOne, die vom 29. April bis 9. Juli 2020 am Tangev\u00e6rket-Damm in Viborg durchgef\u00fchrt wurden.","video":"","button":{"value":"","url":"\/app\/uploads\/2020\/12\/71895-Sieve_test-rapport_20oct2020.pdf","anchor":"Hier den Bericht lesen","blank":"0"},"image_position":"order-1"},{"_type":"values","bg_image":"","bg_color":"bg-white","overlap":false,"title":"Herausragende Testergebnisse aus dem Bericht","preface":"","values":[{"_type":"_","title":"97","unit":"%","body":"der Plastikflaschen und Dosen werden aufgefangen"},{"_type":"_","title":"60-75","unit":"%","body":"der Lebensmittel- und S\u00fc\u00dfigkeitenverpackungen werden abgefangen"},{"_type":"_","title":"75","unit":"%","body":"der Einwegfeuerzeuge werden erfasst"},{"_type":"_","title":"100","unit":"%","body":"der Plastikt\u00fcten werden aufgefangen"},{"_type":"_","title":"100","unit":"%","body":"der Einwegbecher werden aufgefangen"},{"_type":"_","title":"85","unit":"%","body":"des Makroplastiks wird voraussichtlich abgefangen"}],"footer":"","big_headings":true},{"_type":"text_image","bg_image":"","bg_color":"bg-light-transparent","overlap":false,"pretitle":"Lesen Sie den Bericht des Weltwirtschaftsforums","title":"Die neue Kunststoffwirtschaft: Bis 2050 wird es in den Ozeanen mehr Plastik als Fisch geben","image":"178","image_link":true,"text":"Niederschmetternde 150 Millionen Tonnen Plastikt\u00fcten, -flaschen und -verpackungen treiben in den Weltmeeren umher und die Menge steigt. Tats\u00e4chlich wird es bis 2050 mehr Plastik in den Ozeanen geben als Fische. Das ist die Botschaft eines Berichts mit dem Titel The New Plastics Economy, der von der Ellen MacArthur Foundation mit analytischer Unterst\u00fctzung von McKinsey & Co. f\u00fcr das Weltwirtschaftsforum erstellt wurde. Der Bericht legt die Rahmenbedingungen f\u00fcr die globale Herausforderung der Plastikverschmutzung, die wirtschaftlichen Kosten und die Ma\u00dfnahmen zur L\u00f6sung des Problems fest.","video":"","button":{"value":"","url":"http:\/\/www3.weforum.org\/docs\/WEF_The_New_Plastics_Economy.pdf","anchor":"Zum Bericht ","blank":"1"},"image_position":"order-3"},{"_type":"quote","bg_image":"","bg_color":"bg-white","overlap":false,"quote":"Wenn wir uns selbst als \u201aAll In On Green\u2018 bezeichnen, dann meinen wir das tats\u00e4chlich so. Wir glauben zu 100 % an unsere Mission und setzen alles ein, was wir haben und wissen. Unsere L\u00f6sung, SeaProtectorOne, ist daher bis ins kleinste Detail durchdacht. So verhindern wir, dass in Zukunft umweltsch\u00e4dlicher Plastikm\u00fcll in unsere Meere gelangt.","source":"Mads Tranders Nielsen, Gesch\u00e4ftsf\u00fchrer und gr\u00fcnder von All in on Green"},{"_type":"youtube","bg_image":"","bg_color":"bg-white","overlap":false,"video":"https:\/\/www.youtube.com\/watch?v=8dqwVee1MiE"},{"_type":"contact_form","bg_image":"233","bg_color":"bg-white","overlap":false,"title":"Kontakt","title_right":"Werden Sie Teil der L\u00f6sung","body_right":"Die Weltmeere brauchen unsere Hilfe. Nehmen Sie Kontakt mit uns auf und helfen Sie mit, den Worten Taten folgen zu lassen. Wir haben eine L\u00f6sung, und wir sind bereit, sie zu pr\u00e4sentieren und alle Fragen zu beantworten - gro\u00dfe und kleine.\r\nWenn Sie mehr dar\u00fcber wissen m\u00f6chten, was SeaProtectorOne f\u00fcr Sie tun kann, nehmen Sie Kontakt mit uns auf und wir werden uns bei Ihnen melden.","html":""}],"_links":{"self":[{"href":"https:\/\/www.allinongreen.dk\/de\/wp-json\/wp\/v2\/pages\/463","targetHints":{"allow":["GET"]}}],"collection":[{"href":"https:\/\/www.allinongreen.dk\/de\/wp-json\/wp\/v2\/pages"}],"about":[{"href":"https:\/\/www.allinongreen.dk\/de\/wp-json\/wp\/v2\/types\/page"}],"author":[{"embeddable":true,"href":"https:\/\/www.allinongreen.dk\/de\/wp-json\/wp\/v2\/users\/2"}],"replies":[{"embeddable":true,"href":"https:\/\/www.allinongreen.dk\/de\/wp-json\/wp\/v2\/comments?post=463"}],"version-history":[{"count":1,"href":"https:\/\/www.allinongreen.dk\/de\/wp-json\/wp\/v2\/pages\/463\/revisions"}],"predecessor-version":[{"id":517,"href":"https:\/\/www.allinongreen.dk\/de\/wp-json\/wp\/v2\/pages\/463\/revisions\/517"}],"wp:attachment":[{"href":"https:\/\/www.allinongreen.dk\/de\/wp-json\/wp\/v2\/media?parent=463"}],"curies":[{"name":"wp","href":"https:\/\/api.w.org\/{rel}","templated":true}]}}