{"id":465,"date":"2020-12-08T07:57:43","date_gmt":"2020-12-08T07:57:43","guid":{"rendered":"https:\/\/www.allinongreen.dk\/kontakt\/"},"modified":"2025-02-19T12:58:59","modified_gmt":"2025-02-19T12:58:59","slug":"kontakt","status":"publish","type":"page","link":"https:\/\/www.allinongreen.dk\/de\/kontakt\/","title":{"rendered":"Kontakt"},"content":{"rendered":"","protected":false},"excerpt":{"rendered":"","protected":false},"author":2,"featured_media":0,"parent":0,"menu_order":0,"comment_status":"closed","ping_status":"closed","template":"views\/template-modules.blade.php","meta":{"_seopress_robots_primary_cat":"","_seopress_titles_title":"","_seopress_titles_desc":"","_seopress_robots_index":"","_relevanssi_hide_post":"","_relevanssi_pin_for_all":"","_relevanssi_pin_keywords":"","_relevanssi_unpin_keywords":"","_relevanssi_related_keywords":"","_relevanssi_related_include_ids":"","_relevanssi_related_exclude_ids":"","_relevanssi_related_no_append":"","_relevanssi_related_not_related":"","_relevanssi_related_posts":"","_relevanssi_noindex_reason":"","footnotes":""},"class_list":["post-465","page","type-page","status-publish","hentry"],"app_templates_contact_top_slider_slides":[{"_type":"_","title":"Kontakt os","image":"13","textarea":"Verdenshavene har brug for vores hj\u00e6lp. Kontakt os og v\u00e6r med til at s\u00e6tte handling bag ordene. Vi st\u00e5r klar til at hj\u00e6lpe dig med alle dine sp\u00f8rgsm\u00e5l \u2013 store som sm\u00e5.","video":"","bg_video":"266","button":{"value":"","url":"","anchor":"","blank":"0"}}],"app_templates_contact_contact_form_title":"Kontakt os","app_templates_contact_contact_form_title_right":"Bliv en del af l\u00f8sningen","app_templates_contact_contact_form_body_right":"Vi er altid \u00e5bne over for relevante, v\u00e6rdifulde og n\u00f8dvendige partnerskaber p\u00e5 rejsen. Om det er investorer, videnskabsfolk, h\u00e5ndv\u00e6rkere, offentlige beslutningstagere eller globale organisationer, der kan bringe vores l\u00f8sning ud til verdensmarkedet og klodens floder, s\u00e5 er vi altid klar til at tage den indledende dialog med henblik p\u00e5 gensidigt v\u00e6rdifuldt samarbejde. Lad os h\u00f8re fra dig, s\u00e5 vender vi retur hurtigst muligt.","app_templates_contact_contact_form_html":"","app_templates_cookie_policy_top_banner_title":"","app_templates_cookie_policy_top_banner_image":"","app_templates_cookie_policy_top_banner_textarea":"","app_templates_cookie_policy_top_banner_button":{"value":"","url":"","anchor":"","blank":0},"app_templates_modules_top_slider_slides":[{"_type":"_","title":"Kontakt","image":"402","textarea":"Die Weltmeere brauchen unsere Hilfe. Nehmen Sie Kontakt mit uns auf und helfen Sie mit, den Worten Taten folgen zu lassen. Wir beantworten gerne alle Ihre noch so kleinen oder gro\u00dfen Fragen.","video":"","bg_video":"358","button":{"value":"","url":"","anchor":"","blank":"0"}}],"app_templates_modules_modules_modules":[{"_type":"contact_form","bg_image":"230","bg_color":"bg-white","overlap":false,"title":"Kontakt","title_right":"Werden Sie Teil der L\u00f6sung ","body_right":"Die Weltmeere brauchen unsere Hilfe. Nehmen Sie Kontakt mit uns auf und helfen Sie mit, den Worten Taten folgen zu lassen. Wir haben eine L\u00f6sung, und wir sind bereit, sie zu pr\u00e4sentieren und alle Fragen zu beantworten - gro\u00dfe und kleine.\r\nWenn Sie mehr dar\u00fcber wissen m\u00f6chten, was SeaProtectorOne f\u00fcr Sie tun kann, nehmen Sie Kontakt mit uns auf und wir werden uns bei Ihnen melden.\r\n","html":""}],"_links":{"self":[{"href":"https:\/\/www.allinongreen.dk\/de\/wp-json\/wp\/v2\/pages\/465","targetHints":{"allow":["GET"]}}],"collection":[{"href":"https:\/\/www.allinongreen.dk\/de\/wp-json\/wp\/v2\/pages"}],"about":[{"href":"https:\/\/www.allinongreen.dk\/de\/wp-json\/wp\/v2\/types\/page"}],"author":[{"embeddable":true,"href":"https:\/\/www.allinongreen.dk\/de\/wp-json\/wp\/v2\/users\/2"}],"replies":[{"embeddable":true,"href":"https:\/\/www.allinongreen.dk\/de\/wp-json\/wp\/v2\/comments?post=465"}],"version-history":[{"count":1,"href":"https:\/\/www.allinongreen.dk\/de\/wp-json\/wp\/v2\/pages\/465\/revisions"}],"predecessor-version":[{"id":527,"href":"https:\/\/www.allinongreen.dk\/de\/wp-json\/wp\/v2\/pages\/465\/revisions\/527"}],"wp:attachment":[{"href":"https:\/\/www.allinongreen.dk\/de\/wp-json\/wp\/v2\/media?parent=465"}],"curies":[{"name":"wp","href":"https:\/\/api.w.org\/{rel}","templated":true}]}}