{"id":466,"date":"2020-12-08T07:31:42","date_gmt":"2020-12-08T07:31:42","guid":{"rendered":"https:\/\/www.allinongreen.dk\/om-os\/"},"modified":"2025-03-13T07:06:17","modified_gmt":"2025-03-13T07:06:17","slug":"ueber-uns","status":"publish","type":"page","link":"https:\/\/www.allinongreen.dk\/de\/ueber-uns\/","title":{"rendered":"\u00dcber uns"},"content":{"rendered":"","protected":false},"excerpt":{"rendered":"","protected":false},"author":2,"featured_media":0,"parent":0,"menu_order":0,"comment_status":"closed","ping_status":"closed","template":"views\/template-modules.blade.php","meta":{"_seopress_robots_primary_cat":"","_seopress_titles_title":"","_seopress_titles_desc":"","_seopress_robots_index":"","_relevanssi_hide_post":"","_relevanssi_pin_for_all":"","_relevanssi_pin_keywords":"","_relevanssi_unpin_keywords":"","_relevanssi_related_keywords":"","_relevanssi_related_include_ids":"","_relevanssi_related_exclude_ids":"","_relevanssi_related_no_append":"","_relevanssi_related_not_related":"","_relevanssi_related_posts":"","_relevanssi_noindex_reason":"","footnotes":""},"class_list":["post-466","page","type-page","status-publish","hentry"],"app_templates_contact_top_slider_slides":[],"app_templates_contact_contact_form_title":"","app_templates_contact_contact_form_title_right":"","app_templates_contact_contact_form_body_right":"","app_templates_contact_contact_form_html":"","app_templates_cookie_policy_top_banner_title":"","app_templates_cookie_policy_top_banner_image":"","app_templates_cookie_policy_top_banner_textarea":"","app_templates_cookie_policy_top_banner_button":{"value":"","url":"","anchor":"","blank":0},"app_templates_modules_top_slider_slides":[{"_type":"_","title":"All In On Green: \u00dcber uns","image":"402","textarea":"Die Weltmeere brauchen dringend erste Hilfe. Also haben wir beschlossen, etwas dagegen zu tun. Wir sind All In On Green und entwickeln und verbreiten weltweit zug\u00e4ngliche technische L\u00f6sungen, die verhindern, dass der Plastikm\u00fcll der Menschheit in den Weltmeeren landet.","video":"","bg_video":"","button":{"value":"","url":"","anchor":"","blank":"0"}}],"app_templates_modules_modules_modules":[{"_type":"quote","bg_image":"214","bg_color":"bg-white","overlap":false,"quote":"Wenn wir uns selbst als \u201aAll In On Green\u2018 bezeichnen, dann meinen wir das tats\u00e4chlich so. Wir glauben zu 100 % an unsere Mission und setzen alles ein, was wir haben und wissen. Unsere L\u00f6sung, SeaProtectorOne, ist daher bis ins kleinste Detail durchdacht. So verhindern wir, dass in Zukunft umweltsch\u00e4dlicher Plastikm\u00fcll in unsere Meere gelangt.","source":"Mads Tranders Nielsen, Gesch\u00e4ftsf\u00fchrer und Gr\u00fcnder von All In On Green"},{"_type":"text_image","bg_image":"230","bg_color":"bg-white","overlap":false,"pretitle":"Wer sind wir?","title":"Wir sind All In On Green","image":"9","image_link":false,"text":"Manche nennen uns Technologieexperten, andere Umweltsch\u00fctzer. Wir nennen uns einfach All In On Green. Denn genau das sind wir: Ein erfahrenes Team, das sein ganzes Know-how, sein Fachwissen und seine Professionalit\u00e4t einsetzt, um einen Unterschied zu machen \u2013 und das zielstrebig daran arbeitet, mehr Menschen ins Boot zu holen.\r\n\r\nWir nutzen Kopf und H\u00e4nde gleicherma\u00dfen, um allgemein zug\u00e4ngliche technische L\u00f6sungen zu konzipieren und zu verbreiten, die verhindern, dass der Plastikm\u00fcll der Menschheit in den Weltmeeren landet. Denn die Weltmeere brauchen dringend erste Hilfe \u2013 und wir glauben, dass der erste Schritt immer darin besteht, den Unfall zu verhindern, bevor es wirklich zu sp\u00e4t ist.\r\n","video":"454","button":{"value":"","url":"","anchor":"","blank":"0"},"image_position":"order-1"},{"_type":"youtube","bg_image":"","bg_color":"bg-white","overlap":false,"video":"https:\/\/www.youtube.com\/watch?v=8dqwVee1MiE"},{"_type":"values","bg_image":"","bg_color":"bg-primary","overlap":false,"title":"","preface":"","values":[{"_type":"_","title":"Wir setzen alles ein f\u00fcr eine ges\u00fcndere Umwelt","unit":"","body":"Wenn wir uns selbst als \"All In On Green\" bezeichnen, meinen wir das wirklich so. Wir glauben zu 100 % an unsere Mission und setzen alles ein, was wir haben und wissen. Unsere L\u00f6sungen sind daher bis ins kleinste Detail durchdacht, um zu verhindern, dass in Zukunft umweltsch\u00e4dlicher Plastikm\u00fcll in unsere Meere gelangt."},{"_type":"_","title":"Wir glauben an Fakten","unit":"","body":"Beeindruckende Worte und gute Absichten sind ohne konkrete Ergebnisse wertlos. Wir machen nur dann Versprechungen, wenn wir wissen, dass wir sie halten k\u00f6nnen. Unser Auftrag ist so wichtig, dass ihm unsere ganze Hingabe gilt. Deshalb investieren wir beharrlich Mittel in offizielle Tests und Dokumentation durch unabh\u00e4ngige Experten und Akteure in unserem Bereich."},{"_type":"_","title":"Wir glauben an Zusammenarbeit","unit":"","body":"Keiner kann alles alleine machen. Unser Auftrag erfordert Zusammenarbeit. Wir sind uns unserer Grenzen bewusst und sind daher st\u00e4ndig auf der Suche nach relevanten, wertvollen und erforderlichen Partnerschaften auf unserem Weg. Nur gemeinsam k\u00f6nnen wir daf\u00fcr sorgen, dass die richtigen L\u00f6sungen weltweit zug\u00e4nglich werden - und unsere Auswirkungen auf den Planeten ver\u00e4ndern."}],"footer":"","big_headings":false},{"_type":"text_image","bg_image":"","bg_color":"bg-light-transparent","overlap":false,"pretitle":"Eine nachhaltige Zusammenarbeit, auf die wir stolz sein k\u00f6nnen","title":"Ocean Plastic Forum","image":"404","image_link":false,"text":"Wir arbeiten eng mit dem Ocean Plastic Forum zusammen, das ebenso wie wir der Meinung ist, dass Plastik nicht ins Meer geh\u00f6rt, und das unerm\u00fcdlich daran arbeitet, es einzusammeln.\r\n\r\nGemeinsam k\u00e4mpfen wir mit verschiedenen Projekten in D\u00e4nemark und im Ausland f\u00fcr eine Welt ohne Plastikverschmutzung. Projekte, die alle darauf abzielen, Kunststoffabf\u00e4lle zu reduzieren und Methoden zu finden, um Kunststoffe effizienter zu recyceln.\r\n\r\nF\u00fcr All In On Green liegt es auf der Hand, mit anderen Organisationen zusammenzuarbeiten, die wie wir zielgerichtete \u00f6kologische Initiativen und Projekte zum Nutzen unserer gemeinsamen Umwelt entwickeln. Nur gemeinsam k\u00f6nnen wir die Herausforderung des Plastiks in unseren Ozeanen bew\u00e4ltigen und eine bessere Zukunft mit weniger Plastik f\u00fcr Tiere und Menschen schaffen.","video":"","button":{"value":"","url":"\/de\/kontakt\/","anchor":"Werden Sie Teil der L\u00f6sung","blank":"0"},"image_position":"order-3"},{"_type":"values","bg_image":"","bg_color":"bg-primary","overlap":false,"title":"Keine Fun Facts","preface":"Die Verwendung von Kunststoffen und deren Recycling werden einen gro\u00dfen Einfluss auf unsere Zukunft haben. Wir haben sechs Fakten ermittelt, die im Jahr 2021 leider Realit\u00e4t sind. Manche Menschen denken, unser Kampf sei unn\u00f6tig, aber wussten Sie, dass:","values":[{"_type":"_","title":"100","unit":"kg","body":"die gesch\u00e4tzte Menge an Plastik ist, die B\u00fcrger von westlichen Staaten jedes Jahr verbrauchen"},{"_type":"_","title":"+1","unit":"mio.","body":"Plastikflaschen pro Minute gekauft werden"},{"_type":"_","title":"57000","unit":"","body":"Blauwale dem Gewicht an Plastikm\u00fcll entsprechen, den wir jedes Jahr in die Ozeane werfen"},{"_type":"_","title":"1","unit":"mio.","body":"Seev\u00f6gel und ca. 100.000 Meeress\u00e4uger und Schildkr\u00f6ten jedes Jahr an den Folgen der Plastikverschmutzung sterben"},{"_type":"_","title":"2","unit":"mio.","body":"Plastikt\u00fcten zu jeder Zeit in Gebrauch sind \u2013 die durchschnittliche Verwendungsdauer einer T\u00fcte betr\u00e4gt 15 Minuten"},{"_type":"_","title":"90","unit":"% ","body":"aller Seev\u00f6gel und die H\u00e4lfte aller Meeresschildkr\u00f6ten Plastik im Magen haben"}],"footer":"","big_headings":true},{"_type":"contact_form","bg_image":"230","bg_color":"bg-white","overlap":false,"title":"Kontakt","title_right":"Werden Sie Teil der L\u00f6sung ","body_right":"Die Weltmeere brauchen unsere Hilfe. Nehmen Sie Kontakt mit uns auf und helfen Sie mit, den Worten Taten folgen zu lassen. Wir beantworten gerne alle Ihre noch so kleinen oder gro\u00dfen Fragen.","html":""}],"_links":{"self":[{"href":"https:\/\/www.allinongreen.dk\/de\/wp-json\/wp\/v2\/pages\/466","targetHints":{"allow":["GET"]}}],"collection":[{"href":"https:\/\/www.allinongreen.dk\/de\/wp-json\/wp\/v2\/pages"}],"about":[{"href":"https:\/\/www.allinongreen.dk\/de\/wp-json\/wp\/v2\/types\/page"}],"author":[{"embeddable":true,"href":"https:\/\/www.allinongreen.dk\/de\/wp-json\/wp\/v2\/users\/2"}],"replies":[{"embeddable":true,"href":"https:\/\/www.allinongreen.dk\/de\/wp-json\/wp\/v2\/comments?post=466"}],"version-history":[{"count":4,"href":"https:\/\/www.allinongreen.dk\/de\/wp-json\/wp\/v2\/pages\/466\/revisions"}],"predecessor-version":[{"id":547,"href":"https:\/\/www.allinongreen.dk\/de\/wp-json\/wp\/v2\/pages\/466\/revisions\/547"}],"wp:attachment":[{"href":"https:\/\/www.allinongreen.dk\/de\/wp-json\/wp\/v2\/media?parent=466"}],"curies":[{"name":"wp","href":"https:\/\/api.w.org\/{rel}","templated":true}]}}