{"id":468,"date":"2020-12-07T20:33:51","date_gmt":"2020-12-07T20:33:51","guid":{"rendered":"https:\/\/www.allinongreen.dk\/home\/"},"modified":"2025-03-13T07:03:04","modified_gmt":"2025-03-13T07:03:04","slug":"home","status":"publish","type":"page","link":"https:\/\/www.allinongreen.dk\/de\/","title":{"rendered":"Home"},"content":{"rendered":"","protected":false},"excerpt":{"rendered":"","protected":false},"author":1,"featured_media":0,"parent":0,"menu_order":0,"comment_status":"closed","ping_status":"open","template":"views\/template-modules.blade.php","meta":{"_seopress_robots_primary_cat":"","_seopress_titles_title":"","_seopress_titles_desc":"","_seopress_robots_index":"","_relevanssi_hide_post":"","_relevanssi_pin_for_all":"","_relevanssi_pin_keywords":"","_relevanssi_unpin_keywords":"","_relevanssi_related_keywords":"","_relevanssi_related_include_ids":"","_relevanssi_related_exclude_ids":"","_relevanssi_related_no_append":"","_relevanssi_related_not_related":"","_relevanssi_related_posts":"","_relevanssi_noindex_reason":"","footnotes":""},"class_list":["post-468","page","type-page","status-publish","hentry"],"app_templates_contact_top_slider_slides":[],"app_templates_contact_contact_form_title":"","app_templates_contact_contact_form_title_right":"","app_templates_contact_contact_form_body_right":"","app_templates_contact_contact_form_html":"","app_templates_cookie_policy_top_banner_title":"","app_templates_cookie_policy_top_banner_image":"","app_templates_cookie_policy_top_banner_textarea":"","app_templates_cookie_policy_top_banner_button":{"value":"","url":"","anchor":"","blank":0},"app_templates_modules_top_slider_slides":[{"_type":"_","title":"Eine helfende hand f\u00fcr die weltmeere","image":"417","textarea":"SeaProtectorOne ist die umweltfreundliche L\u00f6sung, die unsere Ozeane brauchen. Bis zu 100 % der Abf\u00e4lle, darunter ein gro\u00dfer Teil an Plastikabf\u00e4llen, k\u00f6nnen aufgefangen werden, bevor sie in die Weltmeere gelangen, die derzeit mit einer gigantischen Verschmutzungskrise zu k\u00e4mpfen haben. Wenn wir die \u00d6kosysteme der Weltmeere retten wollen, m\u00fcssen wir jetzt handeln. An dieser Stelle kommt SeaProtectorOne ins Spiel.","video":"","bg_video":"253","button":{"value":"","url":"\/de\/seaprotectorone\/","anchor":"Hier geht\u2018s zur L\u00f6sung","blank":"0"}}],"app_templates_modules_modules_modules":[{"_type":"text_image","bg_image":"214","bg_color":"bg-light","overlap":false,"pretitle":"Technologie, die die Welt zu einem besseren Ort macht","title":"Weniger Plastik in unseren Ozeanen","image":"352","image_link":false,"text":"Unsere Ozeane brauchen dringend Hilfe. Plastik und andere Abf\u00e4lle zerst\u00f6ren unsere \u00d6kosysteme, mit weitreichenden Folgen. Gezielte, konkrete Initiativen zur Eind\u00e4mmung der anhaltenden Krise sind nicht nur notwendig, sondern die einzige Option.\r\n\r\nAll In On Green wurde gegr\u00fcndet, um die Abfallmenge zu reduzieren, die in die Ozeane gelangt. In Zusammenarbeit mit Fachleuten und Ingenieuren haben wir das System SeaProtectorOne entwickelt, das bis zu 100 % der Abf\u00e4lle in Fl\u00fcssen und Str\u00f6men auff\u00e4ngt - darunter eine gro\u00dfe Menge an Plastik -, ohne der Natur und der Tierwelt in der Umgebung zu schaden. Das System l\u00e4uft vollautomatisch, kann mit \u00d6kostrom betrieben werden und erfordert einen minimalen \u00dcberwachungs- und Wartungsaufwand.\r\n","video":"","button":{"value":"","url":"\/de\/seaprotectorone\/","anchor":"Hier geht\u2018s zur L\u00f6sung","blank":"0"},"image_position":"order-3"},{"_type":"youtube","bg_image":"","bg_color":"bg-white","overlap":false,"video":"https:\/\/youtu.be\/U9TbcqcCUIY"},{"_type":"values","bg_image":"","bg_color":"bg-primary","overlap":false,"title":"","preface":"","values":[{"_type":"_","title":"100 % automatisiert","unit":"","body":"SeaProtectorOne wird von Solarzellen angetrieben und f\u00fchrt alle Aufgaben automatisch aus. \u00dcber Sensoren erkennt die Anlage den Wasserstand und passt sich automatisch an. Die Sensoren registrieren auch, wenn das System voll ist, und leeren es dann automatisch."},{"_type":"_","title":"Flexible modulare L\u00f6sungen","unit":"","body":"Mit einer maximalen Spannweite von etwa 40 Metern kann SeaProtectorOne \u00fcberall installiert werden: in Str\u00f6men, Fl\u00fcssen oder Kan\u00e4len. Dank seiner modularen Struktur l\u00e4sst sich das System leicht an den jeweiligen Standort anpassen und kann einfach transportiert und montiert werden."},{"_type":"_","title":"Passt auf die Natur auf","unit":"","body":"In jeder Hinsicht ist SeaProtectorOne darauf ausgelegt, der Natur zu helfen, anstatt ihr zu schaden. Fische, Amphibien und andere Tiere k\u00f6nnen sich nicht im SeaProtectorOne verfangen, sondern k\u00f6nnen unter das System oder durch die Gitter gelangen."}],"footer":"","big_headings":false},{"_type":"text_image","bg_image":"","bg_color":"bg-light-transparent","overlap":false,"pretitle":"Aarhus \u00fcbernimmt verantwortung","title":"63.000 st\u00fcck weniger abfall im fluss aarhus \u00e5","image":"350","image_link":false,"text":"Der Aarhus \u00c5 flie\u00dft aus der gr\u00fcnen Umgebung von Aarhus durch das Stadtzentrum, weiter in die Aarhusbucht und m\u00fcndet schlie\u00dflich in das Kattegat. Aufgrund der gro\u00dfen Fl\u00e4che, die der Fluss bedeckt und wegen des dunklen Wassers, kann es schwierig sein, die Abfallmenge im Fluss einzusch\u00e4tzen. Diese war auch f\u00fcr die Stadtverwaltung von Aarhus \u00fcberraschend.\r\n\r\nGl\u00fccklicherweise hat sich die Stadtverwaltung von Aarhus f\u00fcr die Installation von SeaProtectorOne entschieden, wodurch allein im ersten Jahr 63.000 St\u00fcck Abfall davon abgehalten wurden, in unser Meer zu gelangen! Da die Stadtverwaltung von Aarhus den Vertrag verl\u00e4ngert hat, wird diese Rettungsaktion auch in den n\u00e4chsten f\u00fcnf Jahren fortgef\u00fchrt. Erfahren Sie hier mehr \u00fcber die im Fluss Aarhus \u00c5 installierte Anlage.","video":"","button":{"value":"","url":"\/de\/fallbeispiel-stadtverwaltung-von-aarhus\/","anchor":"Fallbeispiel: Stadtverwaltung von Aarhus","blank":"0"},"image_position":"order-1"},{"_type":"quote","bg_image":"233","bg_color":"bg-light","overlap":false,"quote":"Seit 2007 besch\u00e4ftige ich mich mit der Verunreinigung der Meere durch Plastik. SeaProtectorOne ist die effektivste Methode, die ich seither kennengelernt habe, um Plastik abzufangen und die Plastikverschmutzung der Weltmeere zu reduzieren. Das neue Designkonzept mit dem Fokus auf Effizienz, Standort-Flexibilit\u00e4t, Gr\u00f6\u00dfenskalierbarkeit, Automatisierung und Ma\u00dfnahmen zur Vermeidung negativer Auswirkungen auf die Tierwelt in Fl\u00fcssen, macht diese L\u00f6sung zu einem potentiellen Gamechanger.","source":"PETER GR\u00d8NKJ\u00c6R, ASSOZIIERTER PROFESSOR, AQUATISCHE BIOLOGIE, UNIVERSIT\u00c4T AARHUS"},{"_type":"text_image","bg_image":"214","bg_color":"bg-white","overlap":true,"pretitle":"Wir \u00fcbernehmen Verantwortung","title":"EINE HELFENDE HAND F\u00dcR DIE WELTMEERE","image":"16","image_link":false,"text":"90 % aller Seev\u00f6gel haben Plastik in ihren M\u00e4gen. Die Statistik ist geradezu unfassbar. Sie zeigt, dass wir Menschen viel mehr Verantwortung f\u00fcr unseren Abfall \u00fcbernehmen m\u00fcssen, als wir es bisher getan haben. Wir bei All In On Green sind ein erfahrenes Team, das seine weitreichende Expertise und seine F\u00e4higkeiten einsetzt, um Technologien zur Reduzierung der Plastikverschmutzung in den Weltmeeren zu entwickeln. Wir arbeiten branchen\u00fcbergreifend zusammen und stellen unsere Technologie auf den Pr\u00fcfstand, um stets die beste und umweltfreundlichste L\u00f6sung f\u00fcr die Verschmutzungskatastrophe zu finden, mit der wir jetzt und in Zukunft konfrontiert sind. Unsere Mission ist einfach: Das Elend beenden, dass der M\u00fcll in unseren Weltmeeren f\u00fcr Tiere, Natur und Menschen bedeutet.","video":"","button":{"value":"","url":"\/de\/ueber-uns\/","anchor":"Unsere Mission","blank":"0"},"image_position":"order-3"},{"_type":"contact_form","bg_image":"230","bg_color":"bg-white","overlap":false,"title":"Kontakt","title_right":"Werden Sie Teil der L\u00f6sung ","body_right":"Die Weltmeere brauchen unsere Hilfe. Nehmen Sie Kontakt mit uns auf und helfen Sie mit, den Worten Taten folgen zu lassen. Wir haben eine L\u00f6sung, und wir sind bereit, sie zu pr\u00e4sentieren und alle Fragen zu beantworten - gro\u00dfe und kleine.\r\nWenn Sie mehr dar\u00fcber wissen m\u00f6chten, was SeaProtectorOne f\u00fcr Sie tun kann, nehmen Sie Kontakt mit uns auf und wir werden uns bei Ihnen melden.\r\n","html":""}],"_links":{"self":[{"href":"https:\/\/www.allinongreen.dk\/de\/wp-json\/wp\/v2\/pages\/468","targetHints":{"allow":["GET"]}}],"collection":[{"href":"https:\/\/www.allinongreen.dk\/de\/wp-json\/wp\/v2\/pages"}],"about":[{"href":"https:\/\/www.allinongreen.dk\/de\/wp-json\/wp\/v2\/types\/page"}],"author":[{"embeddable":true,"href":"https:\/\/www.allinongreen.dk\/de\/wp-json\/wp\/v2\/users\/1"}],"replies":[{"embeddable":true,"href":"https:\/\/www.allinongreen.dk\/de\/wp-json\/wp\/v2\/comments?post=468"}],"version-history":[{"count":3,"href":"https:\/\/www.allinongreen.dk\/de\/wp-json\/wp\/v2\/pages\/468\/revisions"}],"predecessor-version":[{"id":545,"href":"https:\/\/www.allinongreen.dk\/de\/wp-json\/wp\/v2\/pages\/468\/revisions\/545"}],"wp:attachment":[{"href":"https:\/\/www.allinongreen.dk\/de\/wp-json\/wp\/v2\/media?parent=468"}],"curies":[{"name":"wp","href":"https:\/\/api.w.org\/{rel}","templated":true}]}}